
{"id":9,"date":"2017-09-11T18:38:30","date_gmt":"2017-09-11T18:38:30","guid":{"rendered":"http:\/\/milpatch.se\/?post_type=product&#038;p=9"},"modified":"2020-11-15T07:47:35","modified_gmt":"2020-11-15T06:47:35","slug":"utbildningstecken-amfibie","status":"publish","type":"product","link":"https:\/\/milpatch.se\/butik\/?product=utbildningstecken-amfibie","title":{"rendered":"Utbildningstecken Amfibie"},"content":{"rendered":"<p>Utbildningstecken Amfibie<\/p>\n<p>B\u00e4randetillst\u00e5nd endast f\u00f6r de som genomf\u00f6rt godk\u00e4nd utbildning.<\/p>\n<p>&nbsp;<\/p>\n","protected":false},"excerpt":{"rendered":"<p>Utbildningstecken Amfibie<\/p>\n","protected":false},"featured_media":127,"comment_status":"closed","ping_status":"closed","template":"","meta":[],"product_cat":[21,19],"product_tag":[],"class_list":{"0":"post-9","1":"product","2":"type-product","3":"status-publish","4":"has-post-thumbnail","6":"product_cat-amfibie","7":"product_cat-utbildningstecken","9":"first","10":"outofstock","11":"featured","12":"taxable","13":"shipping-taxable","14":"product-type-simple"},"_links":{"self":[{"href":"https:\/\/milpatch.se\/butik\/index.php?rest_route=\/wp\/v2\/product\/9","targetHints":{"allow":["GET"]}}],"collection":[{"href":"https:\/\/milpatch.se\/butik\/index.php?rest_route=\/wp\/v2\/product"}],"about":[{"href":"https:\/\/milpatch.se\/butik\/index.php?rest_route=\/wp\/v2\/types\/product"}],"replies":[{"embeddable":true,"href":"https:\/\/milpatch.se\/butik\/index.php?rest_route=%2Fwp%2Fv2%2Fcomments&post=9"}],"wp:featuredmedia":[{"embeddable":true,"href":"https:\/\/milpatch.se\/butik\/index.php?rest_route=\/wp\/v2\/media\/127"}],"wp:attachment":[{"href":"https:\/\/milpatch.se\/butik\/index.php?rest_route=%2Fwp%2Fv2%2Fmedia&parent=9"}],"wp:term":[{"taxonomy":"product_cat","embeddable":true,"href":"https:\/\/milpatch.se\/butik\/index.php?rest_route=%2Fwp%2Fv2%2Fproduct_cat&post=9"},{"taxonomy":"product_tag","embeddable":true,"href":"https:\/\/milpatch.se\/butik\/index.php?rest_route=%2Fwp%2Fv2%2Fproduct_tag&post=9"}],"curies":[{"name":"wp","href":"https:\/\/api.w.org\/{rel}","templated":true}]}}