
{"id":219,"date":"2019-05-13T20:59:07","date_gmt":"2019-05-13T20:59:07","guid":{"rendered":"http:\/\/milpatch.se\/butik\/?post_type=product&#038;p=219"},"modified":"2025-07-20T20:50:05","modified_gmt":"2025-07-20T18:50:05","slug":"utbildningstecken-fallskarmsjagare-kurs","status":"publish","type":"product","link":"https:\/\/milpatch.se\/butik\/?product=utbildningstecken-fallskarmsjagare-kurs","title":{"rendered":"Utbildningstecken fallsk\u00e4rmsj\u00e4gare &#8211; kurs"},"content":{"rendered":"<p>Utbildningstecken <span>fallsk\u00e4rmsj\u00e4gare<\/span><\/p>\n<p>B\u00e4randetillst\u00e5nd endast f\u00f6r de som genomf\u00f6rt godk\u00e4nd utbildning.<\/p>\n","protected":false},"excerpt":{"rendered":"<p><span style=\"display: inline !important; float: none; background-color: #ffffff; color: #3c4858; cursor: text; font-family: 'Roboto','Helvetica','Arial',sans-serif; font-size: 18px; font-style: normal; font-variant: normal; font-weight: 300; letter-spacing: normal; orphans: 2; text-align: left; text-decoration: none; text-indent: 0px; text-transform: none; -webkit-text-stroke-width: 0px; white-space: normal; word-spacing: 0px;\">Utbildningstecken <\/span><span>fallsk\u00e4rmsj\u00e4gare<\/span><\/p>\n","protected":false},"featured_media":212,"comment_status":"closed","ping_status":"closed","template":"","meta":[],"product_cat":[24,19],"product_tag":[],"class_list":{"0":"post-219","1":"product","2":"type-product","3":"status-publish","4":"has-post-thumbnail","6":"product_cat-fallskarmsjagare-utbildningstecken","7":"product_cat-utbildningstecken","9":"first","10":"instock","11":"taxable","12":"shipping-taxable","13":"product-type-simple"},"_links":{"self":[{"href":"https:\/\/milpatch.se\/butik\/index.php?rest_route=\/wp\/v2\/product\/219","targetHints":{"allow":["GET"]}}],"collection":[{"href":"https:\/\/milpatch.se\/butik\/index.php?rest_route=\/wp\/v2\/product"}],"about":[{"href":"https:\/\/milpatch.se\/butik\/index.php?rest_route=\/wp\/v2\/types\/product"}],"replies":[{"embeddable":true,"href":"https:\/\/milpatch.se\/butik\/index.php?rest_route=%2Fwp%2Fv2%2Fcomments&post=219"}],"wp:featuredmedia":[{"embeddable":true,"href":"https:\/\/milpatch.se\/butik\/index.php?rest_route=\/wp\/v2\/media\/212"}],"wp:attachment":[{"href":"https:\/\/milpatch.se\/butik\/index.php?rest_route=%2Fwp%2Fv2%2Fmedia&parent=219"}],"wp:term":[{"taxonomy":"product_cat","embeddable":true,"href":"https:\/\/milpatch.se\/butik\/index.php?rest_route=%2Fwp%2Fv2%2Fproduct_cat&post=219"},{"taxonomy":"product_tag","embeddable":true,"href":"https:\/\/milpatch.se\/butik\/index.php?rest_route=%2Fwp%2Fv2%2Fproduct_tag&post=219"}],"curies":[{"name":"wp","href":"https:\/\/api.w.org\/{rel}","templated":true}]}}