
{"id":136,"date":"2017-09-25T21:44:13","date_gmt":"2017-09-25T21:44:13","guid":{"rendered":"http:\/\/milpatch.se\/butik\/?post_type=product&#038;p=136"},"modified":"2020-09-21T04:11:29","modified_gmt":"2020-09-21T06:11:29","slug":"linjetecken-gruppchef","status":"publish","type":"product","link":"https:\/\/milpatch.se\/butik\/?product=linjetecken-gruppchef","title":{"rendered":"Linjetecken gruppchef"},"content":{"rendered":"<p>Linjetecken gruppchef<\/p>\n<p>B\u00e4randetillst\u00e5nd endast f\u00f6r de som g\u00e5r i befattning gruppchef.<\/p>\n<p>&nbsp;<\/p>\n","protected":false},"excerpt":{"rendered":"<p>Linjetecken gruppchef<\/p>\n","protected":false},"featured_media":131,"comment_status":"closed","ping_status":"closed","template":"","meta":[],"product_cat":[26,27],"product_tag":[],"class_list":{"0":"post-136","1":"product","2":"type-product","3":"status-publish","4":"has-post-thumbnail","6":"product_cat-befattning","7":"product_cat-linjetecken","9":"first","10":"instock","11":"taxable","12":"shipping-taxable","13":"product-type-simple"},"_links":{"self":[{"href":"https:\/\/milpatch.se\/butik\/index.php?rest_route=\/wp\/v2\/product\/136","targetHints":{"allow":["GET"]}}],"collection":[{"href":"https:\/\/milpatch.se\/butik\/index.php?rest_route=\/wp\/v2\/product"}],"about":[{"href":"https:\/\/milpatch.se\/butik\/index.php?rest_route=\/wp\/v2\/types\/product"}],"replies":[{"embeddable":true,"href":"https:\/\/milpatch.se\/butik\/index.php?rest_route=%2Fwp%2Fv2%2Fcomments&post=136"}],"wp:featuredmedia":[{"embeddable":true,"href":"https:\/\/milpatch.se\/butik\/index.php?rest_route=\/wp\/v2\/media\/131"}],"wp:attachment":[{"href":"https:\/\/milpatch.se\/butik\/index.php?rest_route=%2Fwp%2Fv2%2Fmedia&parent=136"}],"wp:term":[{"taxonomy":"product_cat","embeddable":true,"href":"https:\/\/milpatch.se\/butik\/index.php?rest_route=%2Fwp%2Fv2%2Fproduct_cat&post=136"},{"taxonomy":"product_tag","embeddable":true,"href":"https:\/\/milpatch.se\/butik\/index.php?rest_route=%2Fwp%2Fv2%2Fproduct_tag&post=136"}],"curies":[{"name":"wp","href":"https:\/\/api.w.org\/{rel}","templated":true}]}}