
{"id":122,"date":"2017-09-22T19:53:09","date_gmt":"2017-09-22T19:53:09","guid":{"rendered":"http:\/\/milpatch.se\/butik\/?post_type=product&#038;p=122"},"modified":"2022-04-29T22:43:10","modified_gmt":"2022-04-29T20:43:10","slug":"utbildningstecken-kustjagare","status":"publish","type":"product","link":"https:\/\/milpatch.se\/butik\/?product=utbildningstecken-kustjagare","title":{"rendered":"Utbildningstecken Kustj\u00e4gare"},"content":{"rendered":"<p>Utbildningstecken kustj\u00e4gare<\/p>\n<p>B\u00e4randetillst\u00e5nd endast f\u00f6r de som genomf\u00f6rt godk\u00e4nd utbildning.<\/p>\n<p>&nbsp;<\/p>\n","protected":false},"excerpt":{"rendered":"<p>Utbildningstecken kustj\u00e4gare<\/p>\n","protected":false},"featured_media":135,"comment_status":"closed","ping_status":"closed","template":"","meta":[],"product_cat":[21,19],"product_tag":[],"class_list":{"0":"post-122","1":"product","2":"type-product","3":"status-publish","4":"has-post-thumbnail","6":"product_cat-amfibie","7":"product_cat-utbildningstecken","9":"first","10":"outofstock","11":"taxable","12":"shipping-taxable","13":"product-type-simple"},"_links":{"self":[{"href":"https:\/\/milpatch.se\/butik\/index.php?rest_route=\/wp\/v2\/product\/122","targetHints":{"allow":["GET"]}}],"collection":[{"href":"https:\/\/milpatch.se\/butik\/index.php?rest_route=\/wp\/v2\/product"}],"about":[{"href":"https:\/\/milpatch.se\/butik\/index.php?rest_route=\/wp\/v2\/types\/product"}],"replies":[{"embeddable":true,"href":"https:\/\/milpatch.se\/butik\/index.php?rest_route=%2Fwp%2Fv2%2Fcomments&post=122"}],"wp:featuredmedia":[{"embeddable":true,"href":"https:\/\/milpatch.se\/butik\/index.php?rest_route=\/wp\/v2\/media\/135"}],"wp:attachment":[{"href":"https:\/\/milpatch.se\/butik\/index.php?rest_route=%2Fwp%2Fv2%2Fmedia&parent=122"}],"wp:term":[{"taxonomy":"product_cat","embeddable":true,"href":"https:\/\/milpatch.se\/butik\/index.php?rest_route=%2Fwp%2Fv2%2Fproduct_cat&post=122"},{"taxonomy":"product_tag","embeddable":true,"href":"https:\/\/milpatch.se\/butik\/index.php?rest_route=%2Fwp%2Fv2%2Fproduct_tag&post=122"}],"curies":[{"name":"wp","href":"https:\/\/api.w.org\/{rel}","templated":true}]}}