
{"id":155,"date":"2018-02-01T21:05:43","date_gmt":"2018-02-01T21:05:43","guid":{"rendered":"http:\/\/milpatch.se\/butik\/?page_id=155"},"modified":"2020-09-21T14:06:17","modified_gmt":"2020-09-21T12:06:17","slug":"hem","status":"publish","type":"page","link":"http:\/\/milpatch.se\/butik\/","title":{"rendered":"MilPatch"},"content":{"rendered":"<p>MilPatch s\u00e4ljer milit\u00e4ra m\u00e4rken som ni har f\u00f6rtj\u00e4nat att b\u00e4ra<\/p>\n","protected":false},"excerpt":{"rendered":"<p>MilPatch s\u00e4ljer milit\u00e4ra m\u00e4rken som ni har f\u00f6rtj\u00e4nat att b\u00e4ra<\/p>\n","protected":false},"author":1,"featured_media":211,"parent":0,"menu_order":0,"comment_status":"closed","ping_status":"closed","template":"","meta":{"footnotes":""},"class_list":["post-155","page","type-page","status-publish","has-post-thumbnail","hentry"],"_links":{"self":[{"href":"http:\/\/milpatch.se\/butik\/index.php?rest_route=\/wp\/v2\/pages\/155","targetHints":{"allow":["GET"]}}],"collection":[{"href":"http:\/\/milpatch.se\/butik\/index.php?rest_route=\/wp\/v2\/pages"}],"about":[{"href":"http:\/\/milpatch.se\/butik\/index.php?rest_route=\/wp\/v2\/types\/page"}],"author":[{"embeddable":true,"href":"http:\/\/milpatch.se\/butik\/index.php?rest_route=\/wp\/v2\/users\/1"}],"replies":[{"embeddable":true,"href":"http:\/\/milpatch.se\/butik\/index.php?rest_route=%2Fwp%2Fv2%2Fcomments&post=155"}],"version-history":[{"count":4,"href":"http:\/\/milpatch.se\/butik\/index.php?rest_route=\/wp\/v2\/pages\/155\/revisions"}],"predecessor-version":[{"id":218,"href":"http:\/\/milpatch.se\/butik\/index.php?rest_route=\/wp\/v2\/pages\/155\/revisions\/218"}],"wp:featuredmedia":[{"embeddable":true,"href":"http:\/\/milpatch.se\/butik\/index.php?rest_route=\/wp\/v2\/media\/211"}],"wp:attachment":[{"href":"http:\/\/milpatch.se\/butik\/index.php?rest_route=%2Fwp%2Fv2%2Fmedia&parent=155"}],"curies":[{"name":"wp","href":"https:\/\/api.w.org\/{rel}","templated":true}]}}